{"id":338,"date":"2022-07-26T12:55:43","date_gmt":"2022-07-26T12:55:43","guid":{"rendered":"http:\/\/s522391732.online.de\/?page_id=338"},"modified":"2022-07-27T13:35:52","modified_gmt":"2022-07-27T13:35:52","slug":"hoerspiel","status":"publish","type":"page","link":"https:\/\/grosser-witz.de\/index.php\/hoerspiel","title":{"rendered":"H\u00f6rspiel"},"content":{"rendered":"\n<p>2022 ist das H\u00f6rspiel &#8222;Herr M\u00fcller rettet die Welt&#8220; (26 Min.) entstanden und bei &#8222;Shooting Star Audio&#8220; erschienen.<br>Link: <a href=\"https:\/\/lnk.to\/jQAZgB\">https:\/\/lnk.to\/jQAZgB<\/a><\/p>\n\n\n\n<p><strong>Inhalt:<\/strong><br>Herr M\u00fcller und sein Nachbar Egon haben als Impfnebenwirkung Superkr\u00e4fte erhalten. Da sie zuhause mit ihren Superkr\u00e4ften alles kaputt machen, werden sie von ihren Frauen vor die T\u00fcr gesetzt um &#8222;meinetwegen die Welt zu retten&#8220;. In Ermangelung anderer Superschurken beschlie\u00dfen Sie den Klimawandel zu bek\u00e4mpfen. Leider treffen sie auf einen gewieften Endgegner &#8211; die wirtschaftliche Vernunft. Wird die Vernunft siegen?<\/p>\n\n\n\n<figure class=\"wp-block-image size-large is-resized\"><a href=\"https:\/\/lnk.to\/jQAZgB\" target=\"_blank\" rel=\"noreferrer noopener\"><img loading=\"lazy\" decoding=\"async\" src=\"http:\/\/s522391732.online.de\/wp-content\/uploads\/2022\/07\/Cover_HerrMueller-1024x1024.jpg\" alt=\"\" class=\"wp-image-339\" width=\"541\" height=\"541\" srcset=\"https:\/\/grosser-witz.de\/wp-content\/uploads\/2022\/07\/Cover_HerrMueller-1024x1024.jpg 1024w, https:\/\/grosser-witz.de\/wp-content\/uploads\/2022\/07\/Cover_HerrMueller-300x300.jpg 300w, https:\/\/grosser-witz.de\/wp-content\/uploads\/2022\/07\/Cover_HerrMueller-150x150.jpg 150w, https:\/\/grosser-witz.de\/wp-content\/uploads\/2022\/07\/Cover_HerrMueller-768x768.jpg 768w, https:\/\/grosser-witz.de\/wp-content\/uploads\/2022\/07\/Cover_HerrMueller-700x700.jpg 700w, https:\/\/grosser-witz.de\/wp-content\/uploads\/2022\/07\/Cover_HerrMueller-1536x1536.jpg 1536w, https:\/\/grosser-witz.de\/wp-content\/uploads\/2022\/07\/Cover_HerrMueller-2048x2048.jpg 2048w\" sizes=\"auto, (max-width: 541px) 100vw, 541px\" \/><\/a><\/figure>\n","protected":false},"excerpt":{"rendered":"<p>2022 ist das H\u00f6rspiel &#8222;Herr M\u00fcller rettet die Welt&#8220; (26 Min.) entstanden und bei &#8222;Shooting Star Audio&#8220; erschienen.Link: https:\/\/lnk.to\/jQAZgB Inhalt:Herr M\u00fcller und sein Nachbar Egon haben als Impfnebenwirkung Superkr\u00e4fte erhalten. Da sie zuhause mit ihren Superkr\u00e4ften alles kaputt machen, werden sie von ihren Frauen vor die T\u00fcr gesetzt um &#8222;meinetwegen die Welt zu retten&#8220;. In [&hellip;]<\/p>\n","protected":false},"author":1,"featured_media":0,"parent":0,"menu_order":0,"comment_status":"closed","ping_status":"closed","template":"","meta":{"site-sidebar-layout":"default","site-content-layout":"","ast-site-content-layout":"default","site-content-style":"default","site-sidebar-style":"default","ast-global-header-display":"","ast-banner-title-visibility":"","ast-main-header-display":"","ast-hfb-above-header-display":"","ast-hfb-below-header-display":"","ast-hfb-mobile-header-display":"","site-post-title":"","ast-breadcrumbs-content":"","ast-featured-img":"","footer-sml-layout":"","ast-disable-related-posts":"","theme-transparent-header-meta":"","adv-header-id-meta":"","stick-header-meta":"","header-above-stick-meta":"","header-main-stick-meta":"","header-below-stick-meta":"","astra-migrate-meta-layouts":"default","ast-page-background-enabled":"default","ast-page-background-meta":{"desktop":{"background-color":"var(--ast-global-color-4)","background-image":"","background-repeat":"repeat","background-position":"center center","background-size":"auto","background-attachment":"scroll","background-type":"","background-media":"","overlay-type":"","overlay-color":"","overlay-opacity":"","overlay-gradient":""},"tablet":{"background-color":"","background-image":"","background-repeat":"repeat","background-position":"center center","background-size":"auto","background-attachment":"scroll","background-type":"","background-media":"","overlay-type":"","overlay-color":"","overlay-opacity":"","overlay-gradient":""},"mobile":{"background-color":"","background-image":"","background-repeat":"repeat","background-position":"center center","background-size":"auto","background-attachment":"scroll","background-type":"","background-media":"","overlay-type":"","overlay-color":"","overlay-opacity":"","overlay-gradient":""}},"ast-content-background-meta":{"desktop":{"background-color":"var(--ast-global-color-5)","background-image":"","background-repeat":"repeat","background-position":"center center","background-size":"auto","background-attachment":"scroll","background-type":"","background-media":"","overlay-type":"","overlay-color":"","overlay-opacity":"","overlay-gradient":""},"tablet":{"background-color":"var(--ast-global-color-5)","background-image":"","background-repeat":"repeat","background-position":"center center","background-size":"auto","background-attachment":"scroll","background-type":"","background-media":"","overlay-type":"","overlay-color":"","overlay-opacity":"","overlay-gradient":""},"mobile":{"background-color":"var(--ast-global-color-5)","background-image":"","background-repeat":"repeat","background-position":"center center","background-size":"auto","background-attachment":"scroll","background-type":"","background-media":"","overlay-type":"","overlay-color":"","overlay-opacity":"","overlay-gradient":""}},"footnotes":""},"class_list":["post-338","page","type-page","status-publish","hentry"],"_links":{"self":[{"href":"https:\/\/grosser-witz.de\/index.php\/wp-json\/wp\/v2\/pages\/338","targetHints":{"allow":["GET"]}}],"collection":[{"href":"https:\/\/grosser-witz.de\/index.php\/wp-json\/wp\/v2\/pages"}],"about":[{"href":"https:\/\/grosser-witz.de\/index.php\/wp-json\/wp\/v2\/types\/page"}],"author":[{"embeddable":true,"href":"https:\/\/grosser-witz.de\/index.php\/wp-json\/wp\/v2\/users\/1"}],"replies":[{"embeddable":true,"href":"https:\/\/grosser-witz.de\/index.php\/wp-json\/wp\/v2\/comments?post=338"}],"version-history":[{"count":7,"href":"https:\/\/grosser-witz.de\/index.php\/wp-json\/wp\/v2\/pages\/338\/revisions"}],"predecessor-version":[{"id":390,"href":"https:\/\/grosser-witz.de\/index.php\/wp-json\/wp\/v2\/pages\/338\/revisions\/390"}],"wp:attachment":[{"href":"https:\/\/grosser-witz.de\/index.php\/wp-json\/wp\/v2\/media?parent=338"}],"curies":[{"name":"wp","href":"https:\/\/api.w.org\/{rel}","templated":true}]}}