{"id":301,"date":"2022-07-24T21:04:29","date_gmt":"2022-07-24T21:04:29","guid":{"rendered":"http:\/\/s522391732.online.de\/?page_id=301"},"modified":"2022-07-25T20:13:00","modified_gmt":"2022-07-25T20:13:00","slug":"ueber-mich","status":"publish","type":"page","link":"https:\/\/grosser-witz.de\/index.php\/ueber-mich","title":{"rendered":"\u00dcber mich"},"content":{"rendered":"\n<p><\/p>\n\n\n\n<div class=\"wp-block-columns is-layout-flex wp-container-core-columns-is-layout-28f84493 wp-block-columns-is-layout-flex\">\n<div class=\"wp-block-column is-layout-flow wp-block-column-is-layout-flow\" style=\"flex-basis:66.66%\">\n<p>Ich zeichne und photoshoppe schon seit ganz sch\u00f6n vielen Jahren Cartoons. Viele von denen kann man hier sehen (aktuell aber nicht ganz so viele, weil die Website gerade umgebaut wird &#8211; daher muss man mir glauben, dass die Cartoons fr\u00fcher anders aussahen als heute).<\/p>\n\n\n\n<p>Ein bisschen weniger lange schreibe ich in meinem anderen Leben Gebrauchsanweisungen &#8211; dass ich das weniger lange mache merkt man daran, dass die viel weniger komisch sind &#8211; da fehlt mir wohl noch die \u00dcbung.<\/p>\n\n\n\n<p>Aktuell versuche ich mich daran, die Geschichten aus den Cartoons zu &#8222;befreien&#8220; und zum Leben zu erwecken, was zu ein paar Animationsfilmchen und auch mindestens einem H\u00f6rspiel gef\u00fchrt hat.<\/p>\n\n\n\n<p>Geboren bin ich 1971 in Hannover, leben und arbeiten tu ich in der Metropolregion N\u00fcrnberg\/F\u00fcrth\/Erlangen.<\/p>\n\n\n\n<p>Seit 2013 erscheint der Comicstrip \u201eFrau Kermle und der kleine Kapitalismus\u201c in der Wochenzeitschrift \u201eJungle World\u201c:<br>Frau Kermle ist die viel beschworene schw\u00e4bische Hausfrau.<br>Sie lebt mit ihrem kleinen gez\u00e4hmten Kapitalismus im schw\u00e4bischen Dorf \u201eDingenskirchen\u201c.<br>Hier haben sich mittlerweile einige andere Figuren hinzugesellt, wie beispielsweise die Superhelden \u201eHerr M\u00fcller\u201c und sein Nachbar \u201eEgon\u201c.<br>Hoffentlich retten Sie f\u00fcr uns noch rechtzeitig die Welt.<\/p>\n<\/div>\n\n\n\n<div class=\"wp-block-column is-layout-flow wp-block-column-is-layout-flow\" style=\"flex-basis:33.33%\">\n<figure class=\"wp-block-image size-full is-resized\"><img loading=\"lazy\" decoding=\"async\" src=\"http:\/\/s522391732.online.de\/wp-content\/uploads\/2022\/07\/Anjo.jpg\" alt=\"\" class=\"wp-image-322\" width=\"263\" height=\"299\" srcset=\"https:\/\/grosser-witz.de\/wp-content\/uploads\/2022\/07\/Anjo.jpg 359w, https:\/\/grosser-witz.de\/wp-content\/uploads\/2022\/07\/Anjo-264x300.jpg 264w\" sizes=\"auto, (max-width: 263px) 100vw, 263px\" \/><\/figure>\n<\/div>\n<\/div>\n","protected":false},"excerpt":{"rendered":"<p>Ich zeichne und photoshoppe schon seit ganz sch\u00f6n vielen Jahren Cartoons. Viele von denen kann man hier sehen (aktuell aber nicht ganz so viele, weil die Website gerade umgebaut wird &#8211; daher muss man mir glauben, dass die Cartoons fr\u00fcher anders aussahen als heute). Ein bisschen weniger lange schreibe ich in meinem anderen Leben Gebrauchsanweisungen [&hellip;]<\/p>\n","protected":false},"author":1,"featured_media":0,"parent":0,"menu_order":0,"comment_status":"closed","ping_status":"closed","template":"","meta":{"site-sidebar-layout":"default","site-content-layout":"","ast-site-content-layout":"default","site-content-style":"default","site-sidebar-style":"default","ast-global-header-display":"","ast-banner-title-visibility":"","ast-main-header-display":"","ast-hfb-above-header-display":"","ast-hfb-below-header-display":"","ast-hfb-mobile-header-display":"","site-post-title":"","ast-breadcrumbs-content":"","ast-featured-img":"","footer-sml-layout":"","ast-disable-related-posts":"","theme-transparent-header-meta":"","adv-header-id-meta":"","stick-header-meta":"","header-above-stick-meta":"","header-main-stick-meta":"","header-below-stick-meta":"","astra-migrate-meta-layouts":"default","ast-page-background-enabled":"default","ast-page-background-meta":{"desktop":{"background-color":"var(--ast-global-color-4)","background-image":"","background-repeat":"repeat","background-position":"center center","background-size":"auto","background-attachment":"scroll","background-type":"","background-media":"","overlay-type":"","overlay-color":"","overlay-opacity":"","overlay-gradient":""},"tablet":{"background-color":"","background-image":"","background-repeat":"repeat","background-position":"center center","background-size":"auto","background-attachment":"scroll","background-type":"","background-media":"","overlay-type":"","overlay-color":"","overlay-opacity":"","overlay-gradient":""},"mobile":{"background-color":"","background-image":"","background-repeat":"repeat","background-position":"center center","background-size":"auto","background-attachment":"scroll","background-type":"","background-media":"","overlay-type":"","overlay-color":"","overlay-opacity":"","overlay-gradient":""}},"ast-content-background-meta":{"desktop":{"background-color":"var(--ast-global-color-5)","background-image":"","background-repeat":"repeat","background-position":"center center","background-size":"auto","background-attachment":"scroll","background-type":"","background-media":"","overlay-type":"","overlay-color":"","overlay-opacity":"","overlay-gradient":""},"tablet":{"background-color":"var(--ast-global-color-5)","background-image":"","background-repeat":"repeat","background-position":"center center","background-size":"auto","background-attachment":"scroll","background-type":"","background-media":"","overlay-type":"","overlay-color":"","overlay-opacity":"","overlay-gradient":""},"mobile":{"background-color":"var(--ast-global-color-5)","background-image":"","background-repeat":"repeat","background-position":"center center","background-size":"auto","background-attachment":"scroll","background-type":"","background-media":"","overlay-type":"","overlay-color":"","overlay-opacity":"","overlay-gradient":""}},"footnotes":""},"class_list":["post-301","page","type-page","status-publish","hentry"],"_links":{"self":[{"href":"https:\/\/grosser-witz.de\/index.php\/wp-json\/wp\/v2\/pages\/301","targetHints":{"allow":["GET"]}}],"collection":[{"href":"https:\/\/grosser-witz.de\/index.php\/wp-json\/wp\/v2\/pages"}],"about":[{"href":"https:\/\/grosser-witz.de\/index.php\/wp-json\/wp\/v2\/types\/page"}],"author":[{"embeddable":true,"href":"https:\/\/grosser-witz.de\/index.php\/wp-json\/wp\/v2\/users\/1"}],"replies":[{"embeddable":true,"href":"https:\/\/grosser-witz.de\/index.php\/wp-json\/wp\/v2\/comments?post=301"}],"version-history":[{"count":5,"href":"https:\/\/grosser-witz.de\/index.php\/wp-json\/wp\/v2\/pages\/301\/revisions"}],"predecessor-version":[{"id":324,"href":"https:\/\/grosser-witz.de\/index.php\/wp-json\/wp\/v2\/pages\/301\/revisions\/324"}],"wp:attachment":[{"href":"https:\/\/grosser-witz.de\/index.php\/wp-json\/wp\/v2\/media?parent=301"}],"curies":[{"name":"wp","href":"https:\/\/api.w.org\/{rel}","templated":true}]}}